{"id":1744,"date":"2025-12-24T02:16:25","date_gmt":"2025-12-24T01:16:25","guid":{"rendered":"https:\/\/das-muehlentor.com\/imprint\/"},"modified":"2025-12-29T14:01:26","modified_gmt":"2025-12-29T13:01:26","slug":"imprint","status":"publish","type":"page","link":"https:\/\/das-muehlentor.com\/en\/imprint\/","title":{"rendered":"Imprint"},"content":{"rendered":"\t\t<div data-elementor-type=\"wp-page\" data-elementor-id=\"1744\" class=\"elementor elementor-1744 elementor-1597\" data-elementor-settings=\"{&quot;ha_cmc_init_switcher&quot;:&quot;no&quot;}\" data-elementor-post-type=\"page\">\n\t\t\t\t<div class=\"elementor-element elementor-element-a8fbe51 e-flex e-con-boxed e-con e-parent\" data-id=\"a8fbe51\" data-element_type=\"container\" data-e-type=\"container\" data-settings=\"{&quot;_ha_eqh_enable&quot;:false}\">\n\t\t\t\t\t<div class=\"e-con-inner\">\n\t\t\t\t<div class=\"elementor-element elementor-element-0970a23 elementor-widget elementor-widget-heading\" data-id=\"0970a23\" data-element_type=\"widget\" data-e-type=\"widget\" data-widget_type=\"heading.default\">\n\t\t\t\t\t<h1 class=\"elementor-heading-title elementor-size-default\">Imprint<\/h1>\t\t\t\t<\/div>\n\t\t\t\t<div class=\"elementor-element elementor-element-bb6f308 elementor-widget elementor-widget-text-editor\" data-id=\"bb6f308\" data-element_type=\"widget\" data-e-type=\"widget\" data-widget_type=\"text-editor.default\">\n\t\t\t\t\t\t\t\t\t<h2><span style=\"font-weight: 400;\">Service Provider<\/span><\/h2><p><span style=\"font-weight: 400;\">M\u00fchlentor Gastro GmbH<\/span><\/p><p><span style=\"font-weight: 400;\">M\u00fchlenstra\u00dfe 10<\/span><\/p><p><span style=\"font-weight: 400;\">DE 55543 Bad Kreuznach<\/span><\/p><h2><span style=\"font-weight: 400;\">Contact<\/span><\/h2><p><span style=\"font-weight: 400;\">E-Mail: info@das-muehlentor.com<\/span><\/p><p><span style=\"font-weight: 400;\">Telephone: <\/span><a href=\"tel:+49671838200\"><span style=\"font-weight: 400;\">+49 671 838200<\/span><\/a><\/p><h2><span style=\"font-weight: 400;\">Business Information<\/span><\/h2><p><span style=\"font-weight: 400;\">VAT Identification Number: DE451909325<\/span><\/p><p><span style=\"font-weight: 400;\">GTC:<\/span><\/p><h2><span style=\"font-weight: 400;\">Dispute Resolution and Consumer Arbitration<\/span><\/h2><p><span style=\"font-weight: 400;\">Online Dispute Resolution (ODR) platform (OS): <\/span><a href=\"https:\/\/ec.europa.eu\/consumers\/odr\/\"><span style=\"font-weight: 400;\">https:\/\/ec.europa.eu\/consumers\/odr\/.<\/span><\/a><span style=\"font-weight: 400;\"> (As of 20 March 2025, consumers can no longer submit complaints via the ODR platform.).<\/span><\/p><p><span style=\"font-weight: 400;\">We are neither willing nor obliged to participate in dispute resolution proceedings before a consumer arbitration board.<\/span><\/p><h2><span style=\"font-weight: 400;\">Social Media and Online Presence<\/span><\/h2><p><span style=\"font-weight: 400;\">This legal notice also applies to the following social media profiles:<br>https:\/\/www.instagram.com\/das_muehlentor<\/span><\/p><p><a href=\"https:\/\/www.instagram.com\/apartyougmbh\/\"><span style=\"font-weight: 400;\">https:\/\/www.instagram.com\/das.muehlentor\/<\/span><\/a><\/p><h2><span style=\"font-weight: 400;\">Liability and Intellectual Property Notices<\/span><\/h2><p><span style=\"font-weight: 400;\">The contents of this website have been created with due care and to the best of our current knowledge. They are provided for information purposes only and do not have legally binding effect unless they concern legally required information. We reserve the right to amend or delete content in whole or in part, provided that contractual obligations remain unaffected.  <\/span><\/p><p><span style=\"font-weight: 400;\">We have no influence over the content of external websites to which we refer directly or indirectly. We do not adopt such content as our own and assume no liability for any damages arising from the use of linked content. <\/span><\/p><p><span style=\"font-weight: 400;\">All content on this website, including texts, photographs, graphics, trademarks and brands, is protected by copyright and trademark law. Any use or reproduction requires the consent of the respective rights holders. <\/span><\/p><p><span style=\"font-weight: 400;\">If you become aware of any legal violations within our website, please inform us accordingly. We will remove such content or links immediately upon becoming aware of them. <\/span><\/p><h2><span style=\"font-weight: 400;\">Webdesign<\/span><\/h2><p><span style=\"font-weight: 400;\">NOVA &amp; BOW | Yvonne Homann<\/span><\/p><p><a href=\"https:\/\/nova-and-bow.com\/\"><span style=\"font-weight: 400;\">https:\/\/nova-and-bow.com<\/span><\/a><\/p>\t\t\t\t\t\t\t\t<\/div>\n\t\t\t\t\t<\/div>\n\t\t\t\t<\/div>\n\t\t\t\t<\/div>\n\t\t","protected":false},"excerpt":{"rendered":"<p>Imprint Service Provider M\u00fchlentor Gastro GmbH M\u00fchlenstra\u00dfe 10 DE 55543 Bad Kreuznach Contact E-Mail: info@das-muehlentor.com Telephone: +49 671 838200 Business Information VAT Identification Number: DE451909325 GTC: Dispute Resolution and Consumer Arbitration Online Dispute Resolution (ODR) platform (OS): https:\/\/ec.europa.eu\/consumers\/odr\/. (As of 20 March 2025, consumers can no longer submit complaints via the ODR platform.). We are [&hellip;]<\/p>\n","protected":false},"author":1,"featured_media":0,"parent":0,"menu_order":0,"comment_status":"closed","ping_status":"closed","template":"","meta":{"footnotes":""},"class_list":["post-1744","page","type-page","status-publish","hentry"],"yoast_head":"<!-- This site is optimized with the Yoast SEO plugin v27.4 - https:\/\/yoast.com\/product\/yoast-seo-wordpress\/ -->\n<title>Imprint - Das M\u00fchlentor<\/title>\n<meta name=\"robots\" content=\"index, follow, max-snippet:-1, max-image-preview:large, max-video-preview:-1\" \/>\n<link rel=\"canonical\" href=\"https:\/\/das-muehlentor.com\/en\/imprint\/\" \/>\n<meta property=\"og:locale\" content=\"en_US\" \/>\n<meta property=\"og:type\" content=\"article\" \/>\n<meta property=\"og:title\" content=\"Imprint - Das M\u00fchlentor\" \/>\n<meta property=\"og:description\" content=\"Imprint Service Provider M\u00fchlentor Gastro GmbH M\u00fchlenstra\u00dfe 10 DE 55543 Bad Kreuznach Contact E-Mail: info@das-muehlentor.com Telephone: +49 671 838200 Business Information VAT Identification Number: DE451909325 GTC: Dispute Resolution and Consumer Arbitration Online Dispute Resolution (ODR) platform (OS): https:\/\/ec.europa.eu\/consumers\/odr\/. (As of 20 March 2025, consumers can no longer submit complaints via the ODR platform.). We are [&hellip;]\" \/>\n<meta property=\"og:url\" content=\"https:\/\/das-muehlentor.com\/en\/imprint\/\" \/>\n<meta property=\"og:site_name\" content=\"Das M\u00fchlentor\" \/>\n<meta property=\"article:modified_time\" content=\"2025-12-29T13:01:26+00:00\" \/>\n<meta name=\"twitter:card\" content=\"summary_large_image\" \/>\n<meta name=\"twitter:label1\" content=\"Est. reading time\" \/>\n\t<meta name=\"twitter:data1\" content=\"1 minute\" \/>\n<script type=\"application\/ld+json\" class=\"yoast-schema-graph\">{\"@context\":\"https:\\\/\\\/schema.org\",\"@graph\":[{\"@type\":\"WebPage\",\"@id\":\"https:\\\/\\\/das-muehlentor.com\\\/en\\\/imprint\\\/\",\"url\":\"https:\\\/\\\/das-muehlentor.com\\\/en\\\/imprint\\\/\",\"name\":\"Imprint - Das M\u00fchlentor\",\"isPartOf\":{\"@id\":\"https:\\\/\\\/das-muehlentor.com\\\/en\\\/#website\"},\"datePublished\":\"2025-12-24T01:16:25+00:00\",\"dateModified\":\"2025-12-29T13:01:26+00:00\",\"breadcrumb\":{\"@id\":\"https:\\\/\\\/das-muehlentor.com\\\/en\\\/imprint\\\/#breadcrumb\"},\"inLanguage\":\"en-US\",\"potentialAction\":[{\"@type\":\"ReadAction\",\"target\":[\"https:\\\/\\\/das-muehlentor.com\\\/en\\\/imprint\\\/\"]}]},{\"@type\":\"BreadcrumbList\",\"@id\":\"https:\\\/\\\/das-muehlentor.com\\\/en\\\/imprint\\\/#breadcrumb\",\"itemListElement\":[{\"@type\":\"ListItem\",\"position\":1,\"name\":\"Startseite\",\"item\":\"https:\\\/\\\/das-muehlentor.com\\\/en\\\/\"},{\"@type\":\"ListItem\",\"position\":2,\"name\":\"Imprint\"}]},{\"@type\":\"WebSite\",\"@id\":\"https:\\\/\\\/das-muehlentor.com\\\/en\\\/#website\",\"url\":\"https:\\\/\\\/das-muehlentor.com\\\/en\\\/\",\"name\":\"Das M\u00fchlentor\",\"description\":\"Das M\u00fchlentor | Hotel &amp; Restaurant Bad Kreuznach\",\"publisher\":{\"@id\":\"https:\\\/\\\/das-muehlentor.com\\\/en\\\/#organization\"},\"potentialAction\":[{\"@type\":\"SearchAction\",\"target\":{\"@type\":\"EntryPoint\",\"urlTemplate\":\"https:\\\/\\\/das-muehlentor.com\\\/en\\\/?s={search_term_string}\"},\"query-input\":{\"@type\":\"PropertyValueSpecification\",\"valueRequired\":true,\"valueName\":\"search_term_string\"}}],\"inLanguage\":\"en-US\"},{\"@type\":\"Organization\",\"@id\":\"https:\\\/\\\/das-muehlentor.com\\\/en\\\/#organization\",\"name\":\"Das M\u00fchlentor\",\"url\":\"https:\\\/\\\/das-muehlentor.com\\\/en\\\/\",\"logo\":{\"@type\":\"ImageObject\",\"inLanguage\":\"en-US\",\"@id\":\"https:\\\/\\\/das-muehlentor.com\\\/en\\\/#\\\/schema\\\/logo\\\/image\\\/\",\"url\":\"https:\\\/\\\/das-muehlentor.com\\\/wp-content\\\/uploads\\\/2025\\\/11\\\/Muehlentor-Logo-Suite-RGB-DIGITALFILES__Muehlentor-Sekundaerlogo-Cozy-Wool-dunkle-Hintergruende-scaled.png\",\"contentUrl\":\"https:\\\/\\\/das-muehlentor.com\\\/wp-content\\\/uploads\\\/2025\\\/11\\\/Muehlentor-Logo-Suite-RGB-DIGITALFILES__Muehlentor-Sekundaerlogo-Cozy-Wool-dunkle-Hintergruende-scaled.png\",\"width\":2560,\"height\":816,\"caption\":\"Das M\u00fchlentor\"},\"image\":{\"@id\":\"https:\\\/\\\/das-muehlentor.com\\\/en\\\/#\\\/schema\\\/logo\\\/image\\\/\"}}]}<\/script>\n<!-- \/ Yoast SEO plugin. -->","yoast_head_json":{"title":"Imprint - Das M\u00fchlentor","robots":{"index":"index","follow":"follow","max-snippet":"max-snippet:-1","max-image-preview":"max-image-preview:large","max-video-preview":"max-video-preview:-1"},"canonical":"https:\/\/das-muehlentor.com\/en\/imprint\/","og_locale":"en_US","og_type":"article","og_title":"Imprint - Das M\u00fchlentor","og_description":"Imprint Service Provider M\u00fchlentor Gastro GmbH M\u00fchlenstra\u00dfe 10 DE 55543 Bad Kreuznach Contact E-Mail: info@das-muehlentor.com Telephone: +49 671 838200 Business Information VAT Identification Number: DE451909325 GTC: Dispute Resolution and Consumer Arbitration Online Dispute Resolution (ODR) platform (OS): https:\/\/ec.europa.eu\/consumers\/odr\/. (As of 20 March 2025, consumers can no longer submit complaints via the ODR platform.). We are [&hellip;]","og_url":"https:\/\/das-muehlentor.com\/en\/imprint\/","og_site_name":"Das M\u00fchlentor","article_modified_time":"2025-12-29T13:01:26+00:00","twitter_card":"summary_large_image","twitter_misc":{"Est. reading time":"1 minute"},"schema":{"@context":"https:\/\/schema.org","@graph":[{"@type":"WebPage","@id":"https:\/\/das-muehlentor.com\/en\/imprint\/","url":"https:\/\/das-muehlentor.com\/en\/imprint\/","name":"Imprint - Das M\u00fchlentor","isPartOf":{"@id":"https:\/\/das-muehlentor.com\/en\/#website"},"datePublished":"2025-12-24T01:16:25+00:00","dateModified":"2025-12-29T13:01:26+00:00","breadcrumb":{"@id":"https:\/\/das-muehlentor.com\/en\/imprint\/#breadcrumb"},"inLanguage":"en-US","potentialAction":[{"@type":"ReadAction","target":["https:\/\/das-muehlentor.com\/en\/imprint\/"]}]},{"@type":"BreadcrumbList","@id":"https:\/\/das-muehlentor.com\/en\/imprint\/#breadcrumb","itemListElement":[{"@type":"ListItem","position":1,"name":"Startseite","item":"https:\/\/das-muehlentor.com\/en\/"},{"@type":"ListItem","position":2,"name":"Imprint"}]},{"@type":"WebSite","@id":"https:\/\/das-muehlentor.com\/en\/#website","url":"https:\/\/das-muehlentor.com\/en\/","name":"Das M\u00fchlentor","description":"Das M\u00fchlentor | Hotel &amp; Restaurant Bad Kreuznach","publisher":{"@id":"https:\/\/das-muehlentor.com\/en\/#organization"},"potentialAction":[{"@type":"SearchAction","target":{"@type":"EntryPoint","urlTemplate":"https:\/\/das-muehlentor.com\/en\/?s={search_term_string}"},"query-input":{"@type":"PropertyValueSpecification","valueRequired":true,"valueName":"search_term_string"}}],"inLanguage":"en-US"},{"@type":"Organization","@id":"https:\/\/das-muehlentor.com\/en\/#organization","name":"Das M\u00fchlentor","url":"https:\/\/das-muehlentor.com\/en\/","logo":{"@type":"ImageObject","inLanguage":"en-US","@id":"https:\/\/das-muehlentor.com\/en\/#\/schema\/logo\/image\/","url":"https:\/\/das-muehlentor.com\/wp-content\/uploads\/2025\/11\/Muehlentor-Logo-Suite-RGB-DIGITALFILES__Muehlentor-Sekundaerlogo-Cozy-Wool-dunkle-Hintergruende-scaled.png","contentUrl":"https:\/\/das-muehlentor.com\/wp-content\/uploads\/2025\/11\/Muehlentor-Logo-Suite-RGB-DIGITALFILES__Muehlentor-Sekundaerlogo-Cozy-Wool-dunkle-Hintergruende-scaled.png","width":2560,"height":816,"caption":"Das M\u00fchlentor"},"image":{"@id":"https:\/\/das-muehlentor.com\/en\/#\/schema\/logo\/image\/"}}]}},"_links":{"self":[{"href":"https:\/\/das-muehlentor.com\/en\/wp-json\/wp\/v2\/pages\/1744","targetHints":{"allow":["GET"]}}],"collection":[{"href":"https:\/\/das-muehlentor.com\/en\/wp-json\/wp\/v2\/pages"}],"about":[{"href":"https:\/\/das-muehlentor.com\/en\/wp-json\/wp\/v2\/types\/page"}],"author":[{"embeddable":true,"href":"https:\/\/das-muehlentor.com\/en\/wp-json\/wp\/v2\/users\/1"}],"replies":[{"embeddable":true,"href":"https:\/\/das-muehlentor.com\/en\/wp-json\/wp\/v2\/comments?post=1744"}],"version-history":[{"count":1,"href":"https:\/\/das-muehlentor.com\/en\/wp-json\/wp\/v2\/pages\/1744\/revisions"}],"predecessor-version":[{"id":1745,"href":"https:\/\/das-muehlentor.com\/en\/wp-json\/wp\/v2\/pages\/1744\/revisions\/1745"}],"wp:attachment":[{"href":"https:\/\/das-muehlentor.com\/en\/wp-json\/wp\/v2\/media?parent=1744"}],"curies":[{"name":"wp","href":"https:\/\/api.w.org\/{rel}","templated":true}]}}